{"id":178,"date":"2023-06-28T16:59:37","date_gmt":"2023-06-28T16:59:37","guid":{"rendered":"http:\/\/localhost:18107\/?page_id=178"},"modified":"2023-08-31T15:53:17","modified_gmt":"2023-08-31T15:53:17","slug":"website-policies","status":"publish","type":"page","link":"https:\/\/www.thefutureofmitchellpark.com\/es\/website-policies\/","title":{"rendered":"POL\u00cdTICAS DEL SITIO WEB"},"content":{"rendered":"<div class=\"\">\n<section class=\"text-with-image container\">\n    \n    \n  <h2><\/h2>\n  <div>\n    <p><strong>Pol\u00edtica de accesibilidad<\/strong><\/p>\n<p>El condado de Milwaukee se compromete a hacer que nuestro sitio web sea accesible para todas las personas, incluyendo aquellas con discapacidades.<\/p>\n<p>De acuerdo con este objetivo, hemos tomado varias medidas para mejorar nuestro sitio y aumentar su usabilidad para quienes acceden a la web utilizando tecnolog\u00eda de asistencia. Nuestros esfuerzos est\u00e1n guiados por las Pautas de accesibilidad al contenido web, versi\u00f3n 2.1, Nivel AA (WCAG 2.1 AA). Continuaremos mejorando nuestras propiedades digitales para ofrecer experiencias accesibles.<\/p>\n<p>If you experience difficulty accessing our website content, reach out to our Customer Care email.\u00a0 WebCSU@milwaukeecountywi.gov<\/p>\n<p>Aviso de privacidad del condado de Milwaukee<\/p>\n<p>Las leyes estatales existen para garantizar que el gobierno sea abierto y que el p\u00fablico tenga derecho a acceder a los registros e informaci\u00f3n apropiados que posee el gobierno. Al mismo tiempo, hay excepciones al derecho del p\u00fablico a acceder a los registros p\u00fablicos proporcionados por las leyes estatales y federales. Estas excepciones incluyen la privacidad de las personas.<\/p>\n<p>La informaci\u00f3n recopilada en este sitio se convierte en registro p\u00fablico y puede estar sujeta a inspecci\u00f3n y copia por parte del p\u00fablico, a menos que exista una excepci\u00f3n en la ley. Durante su visita a county.milwaukee.gov, la informaci\u00f3n que no es f\u00e1cilmente identificable para un individuo se recopila y almacena autom\u00e1ticamente. Esta informaci\u00f3n se utiliza \u00fanicamente para mejorar nuestros servicios web.<\/p>\n<p><strong>Seguridad<\/strong><\/p>\n<p>El Departamento de Servicios Administrativos del Condado de Milwaukee, Divisi\u00f3n de Servicios de Administraci\u00f3n de la Informaci\u00f3n, como desarrollador y gerente de county.milwaukee.gov, ha tomado medidas para salvaguardar la integridad de su infraestructura inform\u00e1tica y de telecomunicaciones, que incluyen, entre otras, autenticaci\u00f3n, monitoreo, auditor\u00eda y cifrado.<\/p>\n<p>Esta informaci\u00f3n no debe interpretarse de ninguna manera como asesoramiento comercial, legal o de otro tipo. Esta informaci\u00f3n no debe interpretarse como una garant\u00eda a prueba de fallas de la seguridad de la informaci\u00f3n proporcionada a trav\u00e9s de los sitios web respaldados por el Condado de Milwaukee.<\/p>\n<p><strong>Renuncia<\/strong><\/p>\n<p>County.milwaukee.gov tiene enlaces a otros sitios web. Estos incluyen enlaces a sitios web operados por otras agencias gubernamentales, organizaciones sin fines de lucro y empresas privadas. Cuando se vincula a otro sitio, ya no est\u00e1 en county.milwaukee.gov y este Aviso de privacidad no se aplicar\u00e1.<\/p>\n<p><strong>Acceso y correcci\u00f3n de informaci\u00f3n personal<\/strong><\/p>\n<p>Puede revisar cualquier informaci\u00f3n personal que recopilemos sobre usted. Puede recomendar cambios en su informaci\u00f3n personal que cree que es err\u00f3nea enviando una solicitud por escrito que muestre de manera cre\u00edble el error. Si cree que su informaci\u00f3n personal se est\u00e1 utilizando para un prop\u00f3sito distinto al que se pretend\u00eda cuando se envi\u00f3, puede comunicarse con nosotros. En todos los casos, tomaremos medidas razonables para verificar su identidad antes de otorgar acceso o hacer correcciones.<\/p>\n<p><strong>Divulgaci\u00f3n p\u00fablica<\/strong><\/p>\n<p>Las leyes estatales existen para garantizar que el gobierno sea abierto y que el p\u00fablico tenga derecho a acceder a los registros apropiados y la informaci\u00f3n que posee el gobierno. Al mismo tiempo, hay excepciones al derecho del p\u00fablico a acceder a los registros p\u00fablicos que satisfacen diversas necesidades; La privacidad de las personas se incluye entre estas excepciones. Las excepciones son proporcionadas por las leyes estatales y federales.<\/p>\n<p>Este sitio recopila la informaci\u00f3n necesaria para prestar nuestros servicios. Toda la informaci\u00f3n recopilada en este sitio se convierte en registro p\u00fablico que puede estar sujeta a inspecci\u00f3n y copia por parte del p\u00fablico, a menos que exista una exenci\u00f3n en la ley.<\/p>\n<p>En caso de conflicto entre este Aviso de privacidad y la Ley de registros abiertos de Wisconsin u otra ley que rija la divulgaci\u00f3n de registros, prevalecer\u00e1 la Ley de registros abiertos de Wisconsin u otra ley aplicable.<\/p>\n\n  <\/div>\n\n    \n\n      <\/section>\n<\/div>","protected":false},"excerpt":{"rendered":"","protected":false},"author":1,"featured_media":0,"parent":0,"menu_order":0,"comment_status":"closed","ping_status":"closed","template":"","meta":{"footnotes":""},"acf":[],"_links":{"self":[{"href":"https:\/\/www.thefutureofmitchellpark.com\/es\/wp-json\/wp\/v2\/pages\/178"}],"collection":[{"href":"https:\/\/www.thefutureofmitchellpark.com\/es\/wp-json\/wp\/v2\/pages"}],"about":[{"href":"https:\/\/www.thefutureofmitchellpark.com\/es\/wp-json\/wp\/v2\/types\/page"}],"author":[{"embeddable":true,"href":"https:\/\/www.thefutureofmitchellpark.com\/es\/wp-json\/wp\/v2\/users\/1"}],"replies":[{"embeddable":true,"href":"https:\/\/www.thefutureofmitchellpark.com\/es\/wp-json\/wp\/v2\/comments?post=178"}],"version-history":[{"count":0,"href":"https:\/\/www.thefutureofmitchellpark.com\/es\/wp-json\/wp\/v2\/pages\/178\/revisions"}],"wp:attachment":[{"href":"https:\/\/www.thefutureofmitchellpark.com\/es\/wp-json\/wp\/v2\/media?parent=178"}],"curies":[{"name":"wp","href":"https:\/\/api.w.org\/{rel}","templated":true}]}}